{"id":40,"date":"2024-02-12T18:48:23","date_gmt":"2024-02-12T16:48:23","guid":{"rendered":"https:\/\/inno-safe-life.com\/?page_id=40"},"modified":"2024-02-16T17:45:35","modified_gmt":"2024-02-16T15:45:35","slug":"home","status":"publish","type":"page","link":"https:\/\/inno-safe-life.com\/ro\/","title":{"rendered":"Acas\u0103"},"content":{"rendered":"<div id=\"wp-block-themeisle-blocks-advanced-columns-678cc482\" class=\"wp-block-themeisle-blocks-advanced-columns alignfull has-1-columns has-desktop-equal-layout has-tablet-equal-layout has-mobile-collapsedRows-layout has-reverse-columns-mobile has-vertical-bottom ticss-c00aadba\"><div class=\"wp-block-themeisle-blocks-advanced-columns-overlay\"><\/div><div class=\"innerblocks-wrap\">\n<div id=\"wp-block-themeisle-blocks-advanced-column-4d412c51\" class=\"wp-block-themeisle-blocks-advanced-column\">\n<h2 id=\"wp-block-themeisle-blocks-advanced-heading-fb3c7a39\" class=\"wp-block-themeisle-blocks-advanced-heading wp-block-themeisle-blocks-advanced-heading-fb3c7a39\">INNO-SAFE-Life<\/h2>\n\n\n\n<p class=\"has-text-align-center has-text-color\" style=\"color:#fefefe\">Parteneriat pentru inovare privind schimbul de bune practici \u0219i elaborarea de ini\u021biative comune de colaborare la nivel european, legate de con\u0219tientizarea efectelor contamin\u0103rii asupra s\u0103n\u0103t\u0103\u021bii umane.<\/p>\n\n\n\n<div class=\"wp-block-buttons is-content-justification-center is-layout-flex wp-container-core-buttons-is-layout-a89b3969 wp-block-buttons-is-layout-flex\">\n<div class=\"wp-block-button is-style-primary\"><a class=\"wp-block-button__link wp-element-button\">Learn More<\/a><\/div>\n<\/div>\n<\/div>\n<\/div><\/div>\n\n\n\n<div class=\"wp-block-group alignfull has-ti-fg-color has-ti-bg-background-color has-text-color has-background is-layout-constrained wp-container-core-group-is-layout-1eec4d3c wp-block-group-is-layout-constrained\" style=\"margin-top:0px;margin-bottom:0px;padding-top:32px;padding-bottom:32px\">\n<div class=\"wp-block-columns alignwide are-vertically-aligned-center is-layout-flex wp-container-core-columns-is-layout-28f84493 wp-block-columns-is-layout-flex\">\n<div class=\"wp-block-column is-vertically-aligned-center is-layout-flow wp-block-column-is-layout-flow\" style=\"flex-basis:70%\">\n<p class=\"has-ti-fg-color has-text-color has-large-font-size\">COORDONATOR <\/p>\n\n\n\n<p>Universitatea de Medicin\u0103 \u0219i Farmacie \u201cVictor Babe\u0219\u201d din Timi\u0219oara<\/p>\n<\/div>\n\n\n\n<div class=\"wp-block-column is-vertically-aligned-center is-layout-flow wp-block-column-is-layout-flow\" style=\"flex-basis:30%\">\n<figure class=\"wp-block-image size-full\"><img loading=\"lazy\" decoding=\"async\" width=\"225\" height=\"225\" src=\"https:\/\/inno-safe-life.com\/wp-content\/uploads\/2024\/02\/download.png\" alt=\"\" class=\"wp-image-752\" srcset=\"https:\/\/inno-safe-life.com\/wp-content\/uploads\/2024\/02\/download.png 225w, https:\/\/inno-safe-life.com\/wp-content\/uploads\/2024\/02\/download-150x150.png 150w, https:\/\/inno-safe-life.com\/wp-content\/uploads\/2024\/02\/download-12x12.png 12w, https:\/\/inno-safe-life.com\/wp-content\/uploads\/2024\/02\/download-100x100.png 100w\" sizes=\"auto, (max-width: 225px) 100vw, 225px\" \/><\/figure>\n<\/div>\n<\/div>\n<\/div>\n\n\n\n<div class=\"wp-block-group alignfull has-ti-fg-alt-color has-pale-ocean-gradient-background has-text-color has-background is-layout-constrained wp-container-core-group-is-layout-1eec4d3c wp-block-group-is-layout-constrained\" style=\"margin-top:0px;margin-bottom:0px;padding-top:32px;padding-bottom:32px\">\n<div class=\"wp-block-columns alignwide are-vertically-aligned-center is-layout-flex wp-container-core-columns-is-layout-28f84493 wp-block-columns-is-layout-flex\">\n<div class=\"wp-block-column is-vertically-aligned-center is-layout-flow wp-block-column-is-layout-flow\" style=\"flex-basis:70%\">\n<p class=\"has-ti-fg-alt-color has-text-color has-large-font-size\">PARTENERI<\/p>\n\n\n\n<p>Descoper\u0103 partenerii proiectului<\/p>\n<\/div>\n\n\n\n<div class=\"wp-block-column is-vertically-aligned-center is-layout-flow wp-block-column-is-layout-flow\" style=\"flex-basis:30%\">\n<div class=\"wp-block-buttons is-content-justification-center is-layout-flex wp-container-core-buttons-is-layout-a89b3969 wp-block-buttons-is-layout-flex\">\n<div class=\"wp-block-button has-custom-width wp-block-button__width-100 is-style-outline is-style-outline--1\"><a class=\"wp-block-button__link has-ti-fg-alt-color has-text-color wp-element-button\" href=\"https:\/\/inno-safe-life.com\/ro\/partners\/\">Detalii<\/a><\/div>\n<\/div>\n<\/div>\n<\/div>\n<\/div>\n\n\n\n<figure class=\"wp-block-image aligncenter size-large is-resized size-full\"><img loading=\"lazy\" decoding=\"async\" width=\"1024\" height=\"576\" src=\"https:\/\/inno-safe-life.com\/wp-content\/uploads\/2024\/02\/Home-site-01-1-1024x576.png\" alt=\"\" class=\"wp-image-724\" style=\"width:1194px;height:auto\" srcset=\"https:\/\/inno-safe-life.com\/wp-content\/uploads\/2024\/02\/Home-site-01-1-1024x576.png 1024w, https:\/\/inno-safe-life.com\/wp-content\/uploads\/2024\/02\/Home-site-01-1-300x169.png 300w, https:\/\/inno-safe-life.com\/wp-content\/uploads\/2024\/02\/Home-site-01-1-768x432.png 768w, https:\/\/inno-safe-life.com\/wp-content\/uploads\/2024\/02\/Home-site-01-1-1536x864.png 1536w, https:\/\/inno-safe-life.com\/wp-content\/uploads\/2024\/02\/Home-site-01-1-2048x1152.png 2048w, https:\/\/inno-safe-life.com\/wp-content\/uploads\/2024\/02\/Home-site-01-1-18x10.png 18w, https:\/\/inno-safe-life.com\/wp-content\/uploads\/2024\/02\/Home-site-01-1-600x338.png 600w\" sizes=\"auto, (max-width: 1024px) 100vw, 1024px\" \/><\/figure>","protected":false},"excerpt":{"rendered":"<p>COORDINATOR \u201cVictor Babes\u201d University of Medicine and Pharmacy from Timisoara PARTNERS Discover the project partners<\/p>","protected":false},"author":1,"featured_media":0,"parent":0,"menu_order":0,"comment_status":"closed","ping_status":"closed","template":"","meta":{"_themeisle_gutenberg_block_has_review":false,"footnotes":""},"class_list":["post-40","page","type-page","status-publish","hentry"],"yoast_head":"<!-- This site is optimized with the Yoast SEO plugin v27.5 - https:\/\/yoast.com\/product\/yoast-seo-wordpress\/ -->\n<title>Home - INNO-SAFE-LIFE<\/title>\n<meta name=\"robots\" content=\"index, follow, max-snippet:-1, max-image-preview:large, max-video-preview:-1\" \/>\n<link rel=\"canonical\" href=\"https:\/\/inno-safe-life.com\/ro\/\" \/>\n<meta property=\"og:locale\" content=\"ro_RO\" \/>\n<meta property=\"og:type\" content=\"article\" \/>\n<meta property=\"og:title\" content=\"Home - INNO-SAFE-LIFE\" \/>\n<meta property=\"og:description\" content=\"COORDINATOR \u201cVictor Babes\u201d University of Medicine and Pharmacy from Timisoara PARTNERS Discover the project partners\" \/>\n<meta property=\"og:url\" content=\"https:\/\/inno-safe-life.com\/ro\/\" \/>\n<meta property=\"og:site_name\" content=\"INNO-SAFE-LIFE\" \/>\n<meta property=\"article:modified_time\" content=\"2024-02-16T15:45:35+00:00\" \/>\n<meta property=\"og:image\" content=\"https:\/\/inno-safe-life.com\/wp-content\/uploads\/2024\/02\/download.png\" \/>\n<meta name=\"twitter:card\" content=\"summary_large_image\" \/>\n<meta name=\"twitter:label1\" content=\"Timp estimat pentru citire\" \/>\n\t<meta name=\"twitter:data1\" content=\"1 minut\" \/>\n<script type=\"application\/ld+json\" class=\"yoast-schema-graph\">{\"@context\":\"https:\\\/\\\/schema.org\",\"@graph\":[{\"@type\":\"WebPage\",\"@id\":\"https:\\\/\\\/inno-safe-life.com\\\/\",\"url\":\"https:\\\/\\\/inno-safe-life.com\\\/\",\"name\":\"Home - INNO-SAFE-LIFE\",\"isPartOf\":{\"@id\":\"http:\\\/\\\/inno-safe-life.com\\\/#website\"},\"primaryImageOfPage\":{\"@id\":\"https:\\\/\\\/inno-safe-life.com\\\/#primaryimage\"},\"image\":{\"@id\":\"https:\\\/\\\/inno-safe-life.com\\\/#primaryimage\"},\"thumbnailUrl\":\"https:\\\/\\\/inno-safe-life.com\\\/wp-content\\\/uploads\\\/2024\\\/02\\\/download.png\",\"datePublished\":\"2024-02-12T16:48:23+00:00\",\"dateModified\":\"2024-02-16T15:45:35+00:00\",\"breadcrumb\":{\"@id\":\"https:\\\/\\\/inno-safe-life.com\\\/#breadcrumb\"},\"inLanguage\":\"ro-RO\",\"potentialAction\":[{\"@type\":\"ReadAction\",\"target\":[\"https:\\\/\\\/inno-safe-life.com\\\/\"]}]},{\"@type\":\"ImageObject\",\"inLanguage\":\"ro-RO\",\"@id\":\"https:\\\/\\\/inno-safe-life.com\\\/#primaryimage\",\"url\":\"https:\\\/\\\/inno-safe-life.com\\\/wp-content\\\/uploads\\\/2024\\\/02\\\/download.png\",\"contentUrl\":\"https:\\\/\\\/inno-safe-life.com\\\/wp-content\\\/uploads\\\/2024\\\/02\\\/download.png\"},{\"@type\":\"BreadcrumbList\",\"@id\":\"https:\\\/\\\/inno-safe-life.com\\\/#breadcrumb\",\"itemListElement\":[{\"@type\":\"ListItem\",\"position\":1,\"name\":\"Home\",\"item\":\"https:\\\/\\\/inno-safe-life.com\\\/\"},{\"@type\":\"ListItem\",\"position\":2,\"name\":\"Home\"}]},{\"@type\":\"WebSite\",\"@id\":\"http:\\\/\\\/inno-safe-life.com\\\/#website\",\"url\":\"http:\\\/\\\/inno-safe-life.com\\\/\",\"name\":\"INNO-SAFE-LIFE\",\"description\":\"\",\"publisher\":{\"@id\":\"http:\\\/\\\/inno-safe-life.com\\\/#organization\"},\"potentialAction\":[{\"@type\":\"SearchAction\",\"target\":{\"@type\":\"EntryPoint\",\"urlTemplate\":\"http:\\\/\\\/inno-safe-life.com\\\/?s={search_term_string}\"},\"query-input\":{\"@type\":\"PropertyValueSpecification\",\"valueRequired\":true,\"valueName\":\"search_term_string\"}}],\"inLanguage\":\"ro-RO\"},{\"@type\":\"Organization\",\"@id\":\"http:\\\/\\\/inno-safe-life.com\\\/#organization\",\"name\":\"INNO-SAFE-LIFE\",\"url\":\"http:\\\/\\\/inno-safe-life.com\\\/\",\"logo\":{\"@type\":\"ImageObject\",\"inLanguage\":\"ro-RO\",\"@id\":\"http:\\\/\\\/inno-safe-life.com\\\/#\\\/schema\\\/logo\\\/image\\\/\",\"url\":\"https:\\\/\\\/inno-safe-life.com\\\/wp-content\\\/uploads\\\/2024\\\/02\\\/cropped-logo-site-01.png\",\"contentUrl\":\"https:\\\/\\\/inno-safe-life.com\\\/wp-content\\\/uploads\\\/2024\\\/02\\\/cropped-logo-site-01.png\",\"width\":512,\"height\":512,\"caption\":\"INNO-SAFE-LIFE\"},\"image\":{\"@id\":\"http:\\\/\\\/inno-safe-life.com\\\/#\\\/schema\\\/logo\\\/image\\\/\"}}]}<\/script>\n<!-- \/ Yoast SEO plugin. -->","yoast_head_json":{"title":"Home - INNO-SAFE-LIFE","robots":{"index":"index","follow":"follow","max-snippet":"max-snippet:-1","max-image-preview":"max-image-preview:large","max-video-preview":"max-video-preview:-1"},"canonical":"https:\/\/inno-safe-life.com\/ro\/","og_locale":"ro_RO","og_type":"article","og_title":"Home - INNO-SAFE-LIFE","og_description":"COORDINATOR \u201cVictor Babes\u201d University of Medicine and Pharmacy from Timisoara PARTNERS Discover the project partners","og_url":"https:\/\/inno-safe-life.com\/ro\/","og_site_name":"INNO-SAFE-LIFE","article_modified_time":"2024-02-16T15:45:35+00:00","og_image":[{"url":"https:\/\/inno-safe-life.com\/wp-content\/uploads\/2024\/02\/download.png","type":"","width":"","height":""}],"twitter_card":"summary_large_image","twitter_misc":{"Timp estimat pentru citire":"1 minut"},"schema":{"@context":"https:\/\/schema.org","@graph":[{"@type":"WebPage","@id":"https:\/\/inno-safe-life.com\/","url":"https:\/\/inno-safe-life.com\/","name":"Home - INNO-SAFE-LIFE","isPartOf":{"@id":"http:\/\/inno-safe-life.com\/#website"},"primaryImageOfPage":{"@id":"https:\/\/inno-safe-life.com\/#primaryimage"},"image":{"@id":"https:\/\/inno-safe-life.com\/#primaryimage"},"thumbnailUrl":"https:\/\/inno-safe-life.com\/wp-content\/uploads\/2024\/02\/download.png","datePublished":"2024-02-12T16:48:23+00:00","dateModified":"2024-02-16T15:45:35+00:00","breadcrumb":{"@id":"https:\/\/inno-safe-life.com\/#breadcrumb"},"inLanguage":"ro-RO","potentialAction":[{"@type":"ReadAction","target":["https:\/\/inno-safe-life.com\/"]}]},{"@type":"ImageObject","inLanguage":"ro-RO","@id":"https:\/\/inno-safe-life.com\/#primaryimage","url":"https:\/\/inno-safe-life.com\/wp-content\/uploads\/2024\/02\/download.png","contentUrl":"https:\/\/inno-safe-life.com\/wp-content\/uploads\/2024\/02\/download.png"},{"@type":"BreadcrumbList","@id":"https:\/\/inno-safe-life.com\/#breadcrumb","itemListElement":[{"@type":"ListItem","position":1,"name":"Home","item":"https:\/\/inno-safe-life.com\/"},{"@type":"ListItem","position":2,"name":"Home"}]},{"@type":"WebSite","@id":"http:\/\/inno-safe-life.com\/#website","url":"http:\/\/inno-safe-life.com\/","name":"INNO-SAFE-LIFE","description":"","publisher":{"@id":"http:\/\/inno-safe-life.com\/#organization"},"potentialAction":[{"@type":"SearchAction","target":{"@type":"EntryPoint","urlTemplate":"http:\/\/inno-safe-life.com\/?s={search_term_string}"},"query-input":{"@type":"PropertyValueSpecification","valueRequired":true,"valueName":"search_term_string"}}],"inLanguage":"ro-RO"},{"@type":"Organization","@id":"http:\/\/inno-safe-life.com\/#organization","name":"INNO-SAFE-LIFE","url":"http:\/\/inno-safe-life.com\/","logo":{"@type":"ImageObject","inLanguage":"ro-RO","@id":"http:\/\/inno-safe-life.com\/#\/schema\/logo\/image\/","url":"https:\/\/inno-safe-life.com\/wp-content\/uploads\/2024\/02\/cropped-logo-site-01.png","contentUrl":"https:\/\/inno-safe-life.com\/wp-content\/uploads\/2024\/02\/cropped-logo-site-01.png","width":512,"height":512,"caption":"INNO-SAFE-LIFE"},"image":{"@id":"http:\/\/inno-safe-life.com\/#\/schema\/logo\/image\/"}}]}},"_links":{"self":[{"href":"https:\/\/inno-safe-life.com\/ro\/wp-json\/wp\/v2\/pages\/40","targetHints":{"allow":["GET"]}}],"collection":[{"href":"https:\/\/inno-safe-life.com\/ro\/wp-json\/wp\/v2\/pages"}],"about":[{"href":"https:\/\/inno-safe-life.com\/ro\/wp-json\/wp\/v2\/types\/page"}],"author":[{"embeddable":true,"href":"https:\/\/inno-safe-life.com\/ro\/wp-json\/wp\/v2\/users\/1"}],"replies":[{"embeddable":true,"href":"https:\/\/inno-safe-life.com\/ro\/wp-json\/wp\/v2\/comments?post=40"}],"version-history":[{"count":4,"href":"https:\/\/inno-safe-life.com\/ro\/wp-json\/wp\/v2\/pages\/40\/revisions"}],"predecessor-version":[{"id":785,"href":"https:\/\/inno-safe-life.com\/ro\/wp-json\/wp\/v2\/pages\/40\/revisions\/785"}],"wp:attachment":[{"href":"https:\/\/inno-safe-life.com\/ro\/wp-json\/wp\/v2\/media?parent=40"}],"curies":[{"name":"wp","href":"https:\/\/api.w.org\/{rel}","templated":true}]}}